{"id":7443,"date":"2023-03-14T10:53:00","date_gmt":"2023-03-14T10:53:00","guid":{"rendered":"https:\/\/turvilla.com\/contact-us\/"},"modified":"2023-11-17T08:57:14","modified_gmt":"2023-11-17T08:57:14","slug":"contact-us","status":"publish","type":"page","link":"https:\/\/turvilla.com\/tr\/contact-us\/","title":{"rendered":"I\u0307leti\u0307\u015fi\u0307m"},"content":{"rendered":"\t\t<div data-elementor-type=\"wp-page\" data-elementor-id=\"7443\" class=\"elementor elementor-7443 elementor-1063\" data-elementor-post-type=\"page\">\n\t\t\t\t\t\t<section class=\"elementor-section elementor-top-section elementor-element elementor-element-060d7aa elementor-section-full_width elementor-section-height-default elementor-section-height-default\" data-id=\"060d7aa\" data-element_type=\"section\">\n\t\t\t\t\t\t<div class=\"elementor-container elementor-column-gap-default\">\n\t\t\t\t\t<div class=\"elementor-column elementor-col-100 elementor-top-column elementor-element elementor-element-36a8eec\" data-id=\"36a8eec\" data-element_type=\"column\">\n\t\t\t<div class=\"elementor-widget-wrap elementor-element-populated\">\n\t\t\t\t\t\t<div class=\"elementor-element elementor-element-6cc2b8b elementor-widget elementor-widget-heading\" data-id=\"6cc2b8b\" data-element_type=\"widget\" data-widget_type=\"heading.default\">\n\t\t\t\t<div class=\"elementor-widget-container\">\n\t\t\t\t\t<h1 class=\"elementor-heading-title elementor-size-xxl\">Bize Ula\u015f\u0131n<\/h1>\t\t\t\t<\/div>\n\t\t\t\t<\/div>\n\t\t\t\t<div class=\"elementor-element elementor-element-ae91cfe elementor-hidden-tablet elementor-hidden-mobile elementor-widget elementor-widget-image\" data-id=\"ae91cfe\" data-element_type=\"widget\" data-widget_type=\"image.default\">\n\t\t\t\t<div class=\"elementor-widget-container\">\n\t\t\t\t\t\t\t\t\t\t\t\t\t\t\t<img decoding=\"async\" width=\"106\" height=\"10\" src=\"https:\/\/turvilla.com\/wp-content\/uploads\/2023\/11\/title_img2-1-1-1.png\" class=\"attachment-full size-full wp-image-10018\" alt=\"\" srcset=\"https:\/\/turvilla.com\/wp-content\/uploads\/2023\/11\/title_img2-1-1-1.png 106w, https:\/\/turvilla.com\/wp-content\/uploads\/2023\/11\/title_img2-1-1-1-100x10.png 100w\" sizes=\"(max-width: 106px) 100vw, 106px\" \/>\t\t\t\t\t\t\t\t\t\t\t\t\t\t\t<\/div>\n\t\t\t\t<\/div>\n\t\t\t\t\t<\/div>\n\t\t<\/div>\n\t\t\t\t\t<\/div>\n\t\t<\/section>\n\t\t\t\t<section class=\"elementor-section elementor-top-section elementor-element elementor-element-7e30a8e qodef-elementor-content-grid elementor-section-boxed elementor-section-height-default elementor-section-height-default\" data-id=\"7e30a8e\" data-element_type=\"section\">\n\t\t\t\t\t\t<div class=\"elementor-container elementor-column-gap-default\">\n\t\t\t\t\t<div class=\"elementor-column elementor-col-50 elementor-top-column elementor-element elementor-element-de2ecaa\" data-id=\"de2ecaa\" data-element_type=\"column\">\n\t\t\t<div class=\"elementor-widget-wrap elementor-element-populated\">\n\t\t\t\t\t\t<div class=\"elementor-element elementor-element-708253a elementor-widget elementor-widget-newhome_core_section_title\" data-id=\"708253a\" data-element_type=\"widget\" data-widget_type=\"newhome_core_section_title.default\">\n\t\t\t\t<div class=\"elementor-widget-container\">\n\t\t\t\t\t<div class=\"qodef-shortcode qodef-m  qodef-section-title qodef-alignment--left   qodef--custom-title-font-weight\" style=\"--title-font-weight: 500\">\n\t\t<h3 class=\"qodef-m-title\" >\n\t\t\t\t\tMesaj G\u00f6nder\t\t\t<\/h3>\n\t\t<\/div>\n\t\t\t\t<\/div>\n\t\t\t\t<\/div>\n\t\t\t\t<div class=\"elementor-element elementor-element-abe9d60 elementor-widget elementor-widget-wp-widget-newhome_core_contact_form_7\" data-id=\"abe9d60\" data-element_type=\"widget\" data-widget_type=\"wp-widget-newhome_core_contact_form_7.default\">\n\t\t\t\t<div class=\"elementor-widget-container\">\n\t\t\t\t\t\t\t\t<div class=\"qodef-contact-form-7\">\n\t\t\t\t\n<div class=\"wpcf7 no-js\" id=\"wpcf7-f7816-o1\" lang=\"tr-TR\" dir=\"ltr\" data-wpcf7-id=\"7816\">\n<div class=\"screen-reader-response\"><p role=\"status\" aria-live=\"polite\" aria-atomic=\"true\"><\/p> <ul><\/ul><\/div>\n<form action=\"\/tr\/wp-json\/wp\/v2\/pages\/7443#wpcf7-f7816-o1\" method=\"post\" class=\"wpcf7-form init\" aria-label=\"Contact form\" novalidate=\"novalidate\" data-status=\"init\">\n<fieldset class=\"hidden-fields-container\"><input type=\"hidden\" name=\"_wpcf7\" value=\"7816\" \/><input type=\"hidden\" name=\"_wpcf7_version\" value=\"6.1.2\" \/><input type=\"hidden\" name=\"_wpcf7_locale\" value=\"tr_TR\" \/><input type=\"hidden\" name=\"_wpcf7_unit_tag\" value=\"wpcf7-f7816-o1\" \/><input type=\"hidden\" name=\"_wpcf7_container_post\" value=\"0\" \/><input type=\"hidden\" name=\"_wpcf7_posted_data_hash\" value=\"\" \/>\n<\/fieldset>\n<div class=\"qodef-contact-form-7--type-default\">\n<span class=\"wpcf7-form-control-wrap\" data-name=\"your-name\"><input size=\"40\" maxlength=\"400\" class=\"wpcf7-form-control wpcf7-text wpcf7-validates-as-required\" aria-required=\"true\" aria-invalid=\"false\" placeholder=\"Ad\u0131n\u0131z*\" value=\"\" type=\"text\" name=\"your-name\" \/><\/span>\n<span class=\"wpcf7-form-control-wrap\" data-name=\"your-email\"><input size=\"40\" maxlength=\"400\" class=\"wpcf7-form-control wpcf7-email wpcf7-validates-as-required wpcf7-text wpcf7-validates-as-email\" aria-required=\"true\" aria-invalid=\"false\" placeholder=\"E-posta adresiniz*\" value=\"\" type=\"email\" name=\"your-email\" \/><\/span>\n<span class=\"wpcf7-form-control-wrap\" data-name=\"your-message\"><textarea cols=\"40\" rows=\"5\" maxlength=\"2000\" class=\"wpcf7-form-control wpcf7-textarea\" aria-invalid=\"false\" placeholder=\"Mesaj\" name=\"your-message\"><\/textarea><\/span>\n<input class=\"wpcf7-form-control wpcf7-hidden\" value=\"Contact\" type=\"hidden\" name=\"form-id\" \/>\n<input class=\"wpcf7-form-control wpcf7-hidden\" value=\"TR\" type=\"hidden\" name=\"lang\" \/>\n<button class=\"wpcf7-form-control wpcf7-submit qodef-button qodef-size--normal qodef-layout--filled qodef-m\" type=\"submit\"><span class=\"qodef-m-text\">Mesaj g\u00f6nder<\/span><\/button>\n<\/div><div class=\"wpcf7-response-output\" aria-hidden=\"true\"><\/div>\n<\/form>\n<\/div>\n\t\t\t<\/div>\n\t\t\t\t\t\t\t<\/div>\n\t\t\t\t<\/div>\n\t\t\t\t\t<\/div>\n\t\t<\/div>\n\t\t\t\t<div class=\"elementor-column elementor-col-50 elementor-top-column elementor-element elementor-element-fb45e64\" data-id=\"fb45e64\" data-element_type=\"column\">\n\t\t\t<div class=\"elementor-widget-wrap elementor-element-populated\">\n\t\t\t\t\t\t<div class=\"elementor-element elementor-element-7fb77a5 elementor-widget elementor-widget-newhome_core_section_title\" data-id=\"7fb77a5\" data-element_type=\"widget\" data-widget_type=\"newhome_core_section_title.default\">\n\t\t\t\t<div class=\"elementor-widget-container\">\n\t\t\t\t\t<div class=\"qodef-shortcode qodef-m  qodef-section-title qodef-alignment--left   qodef--custom-title-font-weight\" style=\"--title-font-weight: 500\">\n\t\t<h3 class=\"qodef-m-title\" >\n\t\t\t\t\t\u0130leti\u015fim Bilgilerimiz\t\t\t<\/h3>\n\t\t<\/div>\n\t\t\t\t<\/div>\n\t\t\t\t<\/div>\n\t\t\t\t<div class=\"elementor-element elementor-element-040c430 elementor-widget__width-initial elementor-widget elementor-widget-text-editor\" data-id=\"040c430\" data-element_type=\"widget\" data-widget_type=\"text-editor.default\">\n\t\t\t\t<div class=\"elementor-widget-container\">\n\t\t\t\t\t\t\t\t\t<div class=\"block-items\">\n<div class=\"icon-item\">\n<div class=\"icon-text-wrapper\"><img decoding=\"async\" src=\"https:\/\/turvilla.com\/wp-content\/uploads\/2023\/11\/icon_phone.svg\" alt=\"Tel\" width=\"48\" height=\"48\" \/>\n<span class=\"contact-number\">+90 505 591 6196<\/span>\n<span class=\"text-ru\">RU<\/span><\/div>\n<div class=\"text-wrapper\"><span class=\"contact-number\">+90 546 236 5607<\/span>\n<span class=\"text-en\">EN<\/span>\n<span class=\"text-tr\">TR<\/span><\/div>\n<\/div>\n<div class=\"icon-item item-space\">\n<div class=\"icon-text-wrapper\"><img decoding=\"async\" src=\"https:\/\/turvilla.com\/wp-content\/uploads\/2023\/11\/icon_pin.svg\" alt=\"Address\" width=\"48\" height=\"48\" \/>\n<span class=\"contact-address item-address icon_pin_svg\">\n<a href=\"https:\/\/maps.app.goo.gl\/tkXTaQsBW4MK6j9R6\" target=\"_blank\" rel=\"noopener\">Antalya, Konyaalt\u0131 Lim\u0430n Mah. Akdeniz Bulv\u0430r\u0131, \u00adAhmet Bileydi apt. 256\/C<\/a><label class=\"main-tag\">ANA OF\u0130S<\/label><\/span><\/div>\n<div class=\"text-wrapper\"><span class=\"contact-address\">\n<a href=\"https:\/\/www.google.com\/maps\/search\/Antalya+Bogazkent+Neighborhood+92nd+Street+No.+13%2F2C\/@36.8541842,31.1527173,15z\/data=!3m1!4b1?authuser=0&#038;entry=ttu\" target=\"_blank\" rel=\"noopener\">\nAntalya, Bogazkent Neighborhood 92nd Street\u00ad, No. 13\/2C<\/a><label class=\"second-tag\">2.NC\u0130<\/label><\/span><\/div>\n<\/div>\n<div class=\"icon-item item-space\">\n<div class=\"icon-text-wrapper\"><img loading=\"lazy\" decoding=\"async\" src=\"https:\/\/turvilla.com\/wp-content\/uploads\/2023\/11\/icon_email.svg\" alt=\"Email\" width=\"48\" height=\"48\" \/>\n<span class=\"contact-number\"><a href=\"mailto:info@turvilla.com\">info@turvilla.com<\/a><\/span><\/div>\n<\/div>\n<div class=\"icon-item item-space site_ceogroup\">\n<div class=\"icon-text-wrapper\"><img loading=\"lazy\" decoding=\"async\" src=\"https:\/\/turvilla.com\/wp-content\/uploads\/2023\/11\/icon_www.svg\" alt=\"Site of company\" width=\"48\" height=\"48\" \/>\n<span class=\"contact-number\"><a href=\"https:\/\/ceogrp.com\/\" target=\"_blank\" rel=\"noopener\">ceogrp.com<\/a><label class=\"second-tag\">\u015e\u0130RKET\u0130N WEB S\u0130TES\u0130<\/label><\/span><\/div>\n<\/div>\n<\/div>\t\t\t\t\t\t\t\t<\/div>\n\t\t\t\t<\/div>\n\t\t\t\t\t<\/div>\n\t\t<\/div>\n\t\t\t\t\t<\/div>\n\t\t<\/section>\n\t\t\t\t<section class=\"elementor-section elementor-top-section elementor-element elementor-element-d04ca48 elementor-section-boxed elementor-section-height-default elementor-section-height-default\" data-id=\"d04ca48\" data-element_type=\"section\">\n\t\t\t\t\t\t<div class=\"elementor-container elementor-column-gap-default\">\n\t\t\t\t\t<div class=\"elementor-column elementor-col-100 elementor-top-column elementor-element elementor-element-87a6fbe\" data-id=\"87a6fbe\" data-element_type=\"column\">\n\t\t\t<div class=\"elementor-widget-wrap elementor-element-populated\">\n\t\t\t\t\t\t<div class=\"elementor-element elementor-element-d0dd9f0 elementor-widget elementor-widget-newhome_core_section_title\" data-id=\"d0dd9f0\" data-element_type=\"widget\" data-widget_type=\"newhome_core_section_title.default\">\n\t\t\t\t<div class=\"elementor-widget-container\">\n\t\t\t\t\t<div class=\"qodef-shortcode qodef-m  qodef-section-title qodef-alignment--left   qodef--custom-title-font-weight\" style=\"--title-font-weight: 500\">\n\t\t<h3 class=\"qodef-m-title\" >\n\t\t\t\t\tHaritada yer al\u0131yoruz\t\t\t<\/h3>\n\t\t<\/div>\n\t\t\t\t<\/div>\n\t\t\t\t<\/div>\n\t\t\t\t<div class=\"elementor-element elementor-element-ddc1531 elementor-widget elementor-widget-newhome_core_google_map\" data-id=\"ddc1531\" data-element_type=\"widget\" data-widget_type=\"newhome_core_google_map.default\">\n\t\t\t\t<div class=\"elementor-widget-container\">\n\t\t\t\t\t<div class=\"qodef-shortcode qodef-m the_map qodef-google-map\">\n\t<div class=\"qodef-m-map\" id=\"qodef-map-id--10\" data-addresses='[\"Antalya Konyaalt\u0131 Lim\u0430n Mah. Akdeniz Bulv\u0430r\u0131 Ahmet Bileydi apt. 256\/C\",\"Antalya Bogazkent Neighborhood 92nd Street No. 13\/2C\"]' data-pin=https:\/\/turvilla.com\/wp-content\/plugins\/newhome-core\/inc\/maps\/assets\/img\/pin.png data-unique-id=10 data-height=550><\/div>\n<\/div>\n\t\t\t\t<\/div>\n\t\t\t\t<\/div>\n\t\t\t\t\t<\/div>\n\t\t<\/div>\n\t\t\t\t\t<\/div>\n\t\t<\/section>\n\t\t\t\t<\/div>\n\t\t","protected":false},"excerpt":{"rendered":"<p>Bize Ula\u015f\u0131n Mesaj G\u00f6nder \u0130leti\u015fim Bilgilerimiz +90 505 591 6196 RU +90 546 236 5607 EN TR Antalya, Konyaalt\u0131 Lim\u0430n Mah. Akdeniz Bulv\u0430r\u0131, \u00adAhmet Bileydi apt. 256\/CANA OF\u0130S Antalya, Bogazkent Neighborhood 92nd Street\u00ad, No. 13\/2C2.NC\u0130 info@turvilla.com ceogrp.com\u015e\u0130RKET\u0130N WEB S\u0130TES\u0130 Haritada yer al\u0131yoruz<\/p>\n","protected":false},"author":3,"featured_media":9997,"parent":0,"menu_order":0,"comment_status":"closed","ping_status":"closed","template":"page-full-width.php","meta":{"footnotes":""},"class_list":["post-7443","page","type-page","status-publish","has-post-thumbnail","hentry"],"yoast_head":"<!-- This site is optimized with the Yoast SEO plugin v24.8.1 - https:\/\/yoast.com\/wordpress\/plugins\/seo\/ -->\n<title>I\u0307leti\u0307\u015fi\u0307m - Turvilla - Antalya&#039;da Emlak - Sat\u0131n Alma ve Kiralama<\/title>\n<meta name=\"description\" content=\"Antalya&#039;da emlak. Bize ula\u015f\u0131n: Antalya, Konyaalt\u0131 Liman Mah. Akdeniz Bulvar\u0131 Ahmet Bileydi apt. 256\/C, tel: +90 505 591 6196, info@turvilla.com.\" \/>\n<meta name=\"robots\" content=\"index, follow, max-snippet:-1, max-image-preview:large, max-video-preview:-1\" \/>\n<link rel=\"canonical\" href=\"https:\/\/turvilla.com\/tr\/contact-us\/\" \/>\n<meta property=\"og:locale\" content=\"tr_TR\" \/>\n<meta property=\"og:type\" content=\"article\" \/>\n<meta property=\"og:title\" content=\"I\u0307leti\u0307\u015fi\u0307m - Turvilla - Antalya&#039;da Emlak - Sat\u0131n Alma ve Kiralama\" \/>\n<meta property=\"og:description\" content=\"Antalya&#039;da emlak. Bize ula\u015f\u0131n: Antalya, Konyaalt\u0131 Liman Mah. Akdeniz Bulvar\u0131 Ahmet Bileydi apt. 256\/C, tel: +90 505 591 6196, info@turvilla.com.\" \/>\n<meta property=\"og:url\" content=\"https:\/\/turvilla.com\/tr\/contact-us\/\" \/>\n<meta property=\"og:site_name\" content=\"Turvilla - Antalya&#039;da Emlak - Sat\u0131n Alma ve Kiralama\" \/>\n<meta property=\"article:modified_time\" content=\"2023-11-17T08:57:14+00:00\" \/>\n<meta property=\"og:image\" content=\"https:\/\/turvilla.com\/wp-content\/uploads\/2023\/11\/logo_bg.jpg\" \/>\n\t<meta property=\"og:image:width\" content=\"1011\" \/>\n\t<meta property=\"og:image:height\" content=\"595\" \/>\n\t<meta property=\"og:image:type\" content=\"image\/jpeg\" \/>\n<meta name=\"twitter:card\" content=\"summary_large_image\" \/>\n<meta name=\"twitter:label1\" content=\"Tahmini okuma s\u00fcresi\" \/>\n\t<meta name=\"twitter:data1\" content=\"2 dakika\" \/>\n<script type=\"application\/ld+json\" class=\"yoast-schema-graph\">{\"@context\":\"https:\/\/schema.org\",\"@graph\":[{\"@type\":\"WebPage\",\"@id\":\"https:\/\/turvilla.com\/tr\/contact-us\/\",\"url\":\"https:\/\/turvilla.com\/tr\/contact-us\/\",\"name\":\"I\u0307leti\u0307\u015fi\u0307m - Turvilla - Antalya'da Emlak - Sat\u0131n Alma ve Kiralama\",\"isPartOf\":{\"@id\":\"https:\/\/turvilla.com\/tr\/#website\"},\"primaryImageOfPage\":{\"@id\":\"https:\/\/turvilla.com\/tr\/contact-us\/#primaryimage\"},\"image\":{\"@id\":\"https:\/\/turvilla.com\/tr\/contact-us\/#primaryimage\"},\"thumbnailUrl\":\"https:\/\/turvilla.com\/wp-content\/uploads\/2023\/11\/logo_bg.jpg\",\"datePublished\":\"2023-03-14T10:53:00+00:00\",\"dateModified\":\"2023-11-17T08:57:14+00:00\",\"description\":\"Antalya'da emlak. Bize ula\u015f\u0131n: Antalya, Konyaalt\u0131 Liman Mah. Akdeniz Bulvar\u0131 Ahmet Bileydi apt. 256\/C, tel: +90 505 591 6196, info@turvilla.com.\",\"breadcrumb\":{\"@id\":\"https:\/\/turvilla.com\/tr\/contact-us\/#breadcrumb\"},\"inLanguage\":\"tr\",\"potentialAction\":[{\"@type\":\"ReadAction\",\"target\":[\"https:\/\/turvilla.com\/tr\/contact-us\/\"]}]},{\"@type\":\"ImageObject\",\"inLanguage\":\"tr\",\"@id\":\"https:\/\/turvilla.com\/tr\/contact-us\/#primaryimage\",\"url\":\"https:\/\/turvilla.com\/wp-content\/uploads\/2023\/11\/logo_bg.jpg\",\"contentUrl\":\"https:\/\/turvilla.com\/wp-content\/uploads\/2023\/11\/logo_bg.jpg\",\"width\":1011,\"height\":595},{\"@type\":\"BreadcrumbList\",\"@id\":\"https:\/\/turvilla.com\/tr\/contact-us\/#breadcrumb\",\"itemListElement\":[{\"@type\":\"ListItem\",\"position\":1,\"name\":\"Home\",\"item\":\"https:\/\/turvilla.com\/tr\/\"},{\"@type\":\"ListItem\",\"position\":2,\"name\":\"I\u0307leti\u0307\u015fi\u0307m\"}]},{\"@type\":\"WebSite\",\"@id\":\"https:\/\/turvilla.com\/tr\/#website\",\"url\":\"https:\/\/turvilla.com\/tr\/\",\"name\":\"Turvilla\",\"description\":\"\",\"potentialAction\":[{\"@type\":\"SearchAction\",\"target\":{\"@type\":\"EntryPoint\",\"urlTemplate\":\"https:\/\/turvilla.com\/tr\/?s={search_term_string}\"},\"query-input\":{\"@type\":\"PropertyValueSpecification\",\"valueRequired\":true,\"valueName\":\"search_term_string\"}}],\"inLanguage\":\"tr\"}]}<\/script>\n<!-- \/ Yoast SEO plugin. -->","yoast_head_json":{"title":"I\u0307leti\u0307\u015fi\u0307m - Turvilla - Antalya'da Emlak - Sat\u0131n Alma ve Kiralama","description":"Antalya'da emlak. Bize ula\u015f\u0131n: Antalya, Konyaalt\u0131 Liman Mah. Akdeniz Bulvar\u0131 Ahmet Bileydi apt. 256\/C, tel: +90 505 591 6196, info@turvilla.com.","robots":{"index":"index","follow":"follow","max-snippet":"max-snippet:-1","max-image-preview":"max-image-preview:large","max-video-preview":"max-video-preview:-1"},"canonical":"https:\/\/turvilla.com\/tr\/contact-us\/","og_locale":"tr_TR","og_type":"article","og_title":"I\u0307leti\u0307\u015fi\u0307m - Turvilla - Antalya'da Emlak - Sat\u0131n Alma ve Kiralama","og_description":"Antalya'da emlak. Bize ula\u015f\u0131n: Antalya, Konyaalt\u0131 Liman Mah. Akdeniz Bulvar\u0131 Ahmet Bileydi apt. 256\/C, tel: +90 505 591 6196, info@turvilla.com.","og_url":"https:\/\/turvilla.com\/tr\/contact-us\/","og_site_name":"Turvilla - Antalya'da Emlak - Sat\u0131n Alma ve Kiralama","article_modified_time":"2023-11-17T08:57:14+00:00","og_image":[{"width":1011,"height":595,"url":"https:\/\/turvilla.com\/wp-content\/uploads\/2023\/11\/logo_bg.jpg","type":"image\/jpeg"}],"twitter_card":"summary_large_image","twitter_misc":{"Tahmini okuma s\u00fcresi":"2 dakika"},"schema":{"@context":"https:\/\/schema.org","@graph":[{"@type":"WebPage","@id":"https:\/\/turvilla.com\/tr\/contact-us\/","url":"https:\/\/turvilla.com\/tr\/contact-us\/","name":"I\u0307leti\u0307\u015fi\u0307m - Turvilla - Antalya'da Emlak - Sat\u0131n Alma ve Kiralama","isPartOf":{"@id":"https:\/\/turvilla.com\/tr\/#website"},"primaryImageOfPage":{"@id":"https:\/\/turvilla.com\/tr\/contact-us\/#primaryimage"},"image":{"@id":"https:\/\/turvilla.com\/tr\/contact-us\/#primaryimage"},"thumbnailUrl":"https:\/\/turvilla.com\/wp-content\/uploads\/2023\/11\/logo_bg.jpg","datePublished":"2023-03-14T10:53:00+00:00","dateModified":"2023-11-17T08:57:14+00:00","description":"Antalya'da emlak. Bize ula\u015f\u0131n: Antalya, Konyaalt\u0131 Liman Mah. Akdeniz Bulvar\u0131 Ahmet Bileydi apt. 256\/C, tel: +90 505 591 6196, info@turvilla.com.","breadcrumb":{"@id":"https:\/\/turvilla.com\/tr\/contact-us\/#breadcrumb"},"inLanguage":"tr","potentialAction":[{"@type":"ReadAction","target":["https:\/\/turvilla.com\/tr\/contact-us\/"]}]},{"@type":"ImageObject","inLanguage":"tr","@id":"https:\/\/turvilla.com\/tr\/contact-us\/#primaryimage","url":"https:\/\/turvilla.com\/wp-content\/uploads\/2023\/11\/logo_bg.jpg","contentUrl":"https:\/\/turvilla.com\/wp-content\/uploads\/2023\/11\/logo_bg.jpg","width":1011,"height":595},{"@type":"BreadcrumbList","@id":"https:\/\/turvilla.com\/tr\/contact-us\/#breadcrumb","itemListElement":[{"@type":"ListItem","position":1,"name":"Home","item":"https:\/\/turvilla.com\/tr\/"},{"@type":"ListItem","position":2,"name":"I\u0307leti\u0307\u015fi\u0307m"}]},{"@type":"WebSite","@id":"https:\/\/turvilla.com\/tr\/#website","url":"https:\/\/turvilla.com\/tr\/","name":"Turvilla","description":"","potentialAction":[{"@type":"SearchAction","target":{"@type":"EntryPoint","urlTemplate":"https:\/\/turvilla.com\/tr\/?s={search_term_string}"},"query-input":{"@type":"PropertyValueSpecification","valueRequired":true,"valueName":"search_term_string"}}],"inLanguage":"tr"}]}},"_hostinger_reach_plugin_has_subscription_block":false,"_hostinger_reach_plugin_is_elementor":false,"_links":{"self":[{"href":"https:\/\/turvilla.com\/tr\/wp-json\/wp\/v2\/pages\/7443","targetHints":{"allow":["GET"]}}],"collection":[{"href":"https:\/\/turvilla.com\/tr\/wp-json\/wp\/v2\/pages"}],"about":[{"href":"https:\/\/turvilla.com\/tr\/wp-json\/wp\/v2\/types\/page"}],"author":[{"embeddable":true,"href":"https:\/\/turvilla.com\/tr\/wp-json\/wp\/v2\/users\/3"}],"replies":[{"embeddable":true,"href":"https:\/\/turvilla.com\/tr\/wp-json\/wp\/v2\/comments?post=7443"}],"version-history":[{"count":3,"href":"https:\/\/turvilla.com\/tr\/wp-json\/wp\/v2\/pages\/7443\/revisions"}],"predecessor-version":[{"id":11086,"href":"https:\/\/turvilla.com\/tr\/wp-json\/wp\/v2\/pages\/7443\/revisions\/11086"}],"wp:featuredmedia":[{"embeddable":true,"href":"https:\/\/turvilla.com\/tr\/wp-json\/wp\/v2\/media\/9997"}],"wp:attachment":[{"href":"https:\/\/turvilla.com\/tr\/wp-json\/wp\/v2\/media?parent=7443"}],"curies":[{"name":"wp","href":"https:\/\/api.w.org\/{rel}","templated":true}]}}