{"id":11009,"date":"2023-03-13T13:48:33","date_gmt":"2023-03-13T13:48:33","guid":{"rendered":"https:\/\/turvilla.com\/about-us\/"},"modified":"2023-11-17T06:25:10","modified_gmt":"2023-11-17T06:25:10","slug":"about-us","status":"publish","type":"page","link":"https:\/\/turvilla.com\/tr\/about-us\/","title":{"rendered":"Hakk\u0131m\u0131zda"},"content":{"rendered":"\t\t<div data-elementor-type=\"wp-page\" data-elementor-id=\"11009\" class=\"elementor elementor-11009 elementor-711\" data-elementor-post-type=\"page\">\n\t\t\t\t\t\t<section class=\"elementor-section elementor-top-section elementor-element elementor-element-6363817 elementor-section-full_width elementor-section-height-default elementor-section-height-default\" data-id=\"6363817\" data-element_type=\"section\">\n\t\t\t\t\t\t<div class=\"elementor-container elementor-column-gap-default\">\n\t\t\t\t\t<div class=\"elementor-column elementor-col-100 elementor-top-column elementor-element elementor-element-110b096\" data-id=\"110b096\" data-element_type=\"column\">\n\t\t\t<div class=\"elementor-widget-wrap elementor-element-populated\">\n\t\t\t\t\t\t<div class=\"elementor-element elementor-element-443c086 elementor-widget elementor-widget-heading\" data-id=\"443c086\" data-element_type=\"widget\" data-widget_type=\"heading.default\">\n\t\t\t\t<div class=\"elementor-widget-container\">\n\t\t\t\t\t<h1 class=\"elementor-heading-title elementor-size-xxl\">Hakk\u0131m\u0131zda<\/h1>\t\t\t\t<\/div>\n\t\t\t\t<\/div>\n\t\t\t\t<div class=\"elementor-element elementor-element-83d7bba elementor-hidden-tablet elementor-hidden-mobile elementor-widget elementor-widget-image\" data-id=\"83d7bba\" data-element_type=\"widget\" data-widget_type=\"image.default\">\n\t\t\t\t<div class=\"elementor-widget-container\">\n\t\t\t\t\t\t\t\t\t\t\t\t\t\t\t<img decoding=\"async\" width=\"106\" height=\"10\" src=\"https:\/\/turvilla.com\/wp-content\/uploads\/2023\/11\/title_img2.png\" class=\"attachment-full size-full wp-image-9602\" alt=\"\" srcset=\"https:\/\/turvilla.com\/wp-content\/uploads\/2023\/11\/title_img2.png 106w, https:\/\/turvilla.com\/wp-content\/uploads\/2023\/11\/title_img2-100x10.png 100w\" sizes=\"(max-width: 106px) 100vw, 106px\" \/>\t\t\t\t\t\t\t\t\t\t\t\t\t\t\t<\/div>\n\t\t\t\t<\/div>\n\t\t\t\t\t<\/div>\n\t\t<\/div>\n\t\t\t\t\t<\/div>\n\t\t<\/section>\n\t\t\t\t<section class=\"elementor-section elementor-top-section elementor-element elementor-element-f23ff05 qodef-elementor-content-grid elementor-section-boxed elementor-section-height-default elementor-section-height-default\" data-id=\"f23ff05\" data-element_type=\"section\" data-settings=\"{&quot;animation_mobile&quot;:&quot;none&quot;}\">\n\t\t\t\t\t\t<div class=\"elementor-container elementor-column-gap-default\">\n\t\t\t\t\t<div class=\"elementor-column elementor-col-50 elementor-top-column elementor-element elementor-element-e55c9c7 elementor-invisible\" data-id=\"e55c9c7\" data-element_type=\"column\" data-settings=\"{&quot;animation&quot;:&quot;zoomInLeft&quot;,&quot;animation_mobile&quot;:&quot;fadeIn&quot;,&quot;animation_delay&quot;:5}\">\n\t\t\t<div class=\"elementor-widget-wrap elementor-element-populated\">\n\t\t\t\t\t\t<div class=\"elementor-element elementor-element-48439d4 elementor-widget elementor-widget-newhome_core_single_image\" data-id=\"48439d4\" data-element_type=\"widget\" data-widget_type=\"newhome_core_single_image.default\">\n\t\t\t\t<div class=\"elementor-widget-container\">\n\t\t\t\t\t<div class=\"qodef-shortcode qodef-m  qodef-single-image qodef-layout--default   \" style=\"--qode-image-border-radius: 5px\" data-viewport-offset=\"0.7\">\n\t\t\t<div class=\"qodef-m-image\">\n\t\t\t\t\t\t\t\t<img fetchpriority=\"high\" decoding=\"async\" width=\"1400\" height=\"803\" src=\"https:\/\/turvilla.com\/wp-content\/uploads\/2023\/11\/about_turvilla.jpg\" class=\"attachment-full size-full\" alt=\"\" srcset=\"https:\/\/turvilla.com\/wp-content\/uploads\/2023\/11\/about_turvilla.jpg 1400w, https:\/\/turvilla.com\/wp-content\/uploads\/2023\/11\/about_turvilla-300x172.jpg 300w, https:\/\/turvilla.com\/wp-content\/uploads\/2023\/11\/about_turvilla-1024x587.jpg 1024w, https:\/\/turvilla.com\/wp-content\/uploads\/2023\/11\/about_turvilla-768x441.jpg 768w, https:\/\/turvilla.com\/wp-content\/uploads\/2023\/11\/about_turvilla-600x344.jpg 600w\" sizes=\"(max-width: 1400px) 100vw, 1400px\" \/>\t\t\t\t\t\t\t<\/div>\n\t<\/div>\n\t\t\t\t<\/div>\n\t\t\t\t<\/div>\n\t\t\t\t\t<\/div>\n\t\t<\/div>\n\t\t\t\t<div class=\"elementor-column elementor-col-50 elementor-top-column elementor-element elementor-element-5ba5d72\" data-id=\"5ba5d72\" data-element_type=\"column\" data-settings=\"{&quot;animation_mobile&quot;:&quot;fadeIn&quot;}\">\n\t\t\t<div class=\"elementor-widget-wrap elementor-element-populated\">\n\t\t\t\t\t\t<div class=\"elementor-element elementor-element-a48ca76 elementor-widget__width-initial elementor-widget-tablet__width-inherit animated-fast elementor-invisible elementor-widget elementor-widget-newhome_core_section_title\" data-id=\"a48ca76\" data-element_type=\"widget\" data-settings=\"{&quot;_animation&quot;:&quot;fadeInUp&quot;,&quot;_animation_delay&quot;:3}\" data-widget_type=\"newhome_core_section_title.default\">\n\t\t\t\t<div class=\"elementor-widget-container\">\n\t\t\t\t\t<div class=\"qodef-shortcode qodef-m  qodef-section-title qodef-alignment--left   qodef--custom-title-font-weight\" style=\"--title-font-weight: 500;--decorated-font-weight: 600\">\n\t\t<h2 class=\"qodef-m-title\" >\n\t\t\t\t\t<span class=\"qodef-m-decorated\">Turvilla,<\/span> CEO <span class=\"qodef-m-decorated\">Group<\/span> <span class=\"qodef-m-decorated\">taraf\u0131ndan<\/span>\t\t\t<\/h2>\n\t\t<p class=\"qodef-m-text-area\" style=\"margin-top: 22px\">\n\t\t<p>Turvilla by CEO Group, CEO Group \u015firketi taraf\u0131ndan sunulan Antalya'daki gayrimenkul d\u00fcnyas\u0131nda sizin g\u00fcvenilir rehberinizdir. Ki\u015fisel bir konut, ticari m\u00fclk veya yat\u0131r\u0131m f\u0131rsatlar\u0131 ar\u0131yor olun, do\u011fru se\u00e7imi yapman\u0131zda ve gayrimenkul hedeflerinizi ger\u00e7ekle\u015ftirmenizde size yard\u0131mc\u0131 olmaya haz\u0131r\u0131z.<\/p>\n\n<p>Antalya'n\u0131n b\u00fcy\u00fcleyici ilinde gayrimenkul sat\u0131\u015f\u0131 ve kiralamas\u0131 konusunda uzman\u0131z ve Turvilla, CEO Group'un projelerinden biridir. Gayrimenkul planlar\u0131n\u0131z\u0131 hayata ge\u00e7irmenize yard\u0131mc\u0131 olmaya haz\u0131r ger\u00e7ek profesyonellere sahibiz.<\/p> \t<\/p>\n\t\t<div class=\"qodef-m-button\">\n\t\t<a class=\"qodef-shortcode qodef-m  qodef-button qodef-layout--filled  qodef-html--link\" href=\"https:\/\/ceogrp.com\/\" target=\"_blank\"  style=\"font-size: 18px;font-weight: 600;margin: 20px 0px 0px 0px\">\t<span class=\"qodef-m-text\">CEO Group Web Sitesi<\/span><\/a>\t<\/div>\n<\/div>\n\t\t\t\t<\/div>\n\t\t\t\t<\/div>\n\t\t\t\t\t<\/div>\n\t\t<\/div>\n\t\t\t\t\t<\/div>\n\t\t<\/section>\n\t\t\t\t<section class=\"elementor-section elementor-top-section elementor-element elementor-element-11ac6cf elementor-section-height-min-height qodef-elementor-content-grid elementor-section-boxed elementor-section-height-default elementor-section-items-middle elementor-invisible\" data-id=\"11ac6cf\" data-element_type=\"section\" data-settings=\"{&quot;background_background&quot;:&quot;classic&quot;,&quot;background_motion_fx_motion_fx_mouse&quot;:&quot;yes&quot;,&quot;background_motion_fx_mouseTrack_effect&quot;:&quot;yes&quot;,&quot;background_motion_fx_mouseTrack_speed&quot;:{&quot;unit&quot;:&quot;px&quot;,&quot;size&quot;:0.6,&quot;sizes&quot;:[]},&quot;animation&quot;:&quot;zoomInDown&quot;,&quot;animation_delay&quot;:0,&quot;animation_mobile&quot;:&quot;fadeIn&quot;}\">\n\t\t\t\t\t\t<div class=\"elementor-container elementor-column-gap-default\">\n\t\t\t\t\t<div class=\"elementor-column elementor-col-50 elementor-top-column elementor-element elementor-element-668c380\" data-id=\"668c380\" data-element_type=\"column\">\n\t\t\t<div class=\"elementor-widget-wrap elementor-element-populated\">\n\t\t\t\t\t\t<div class=\"elementor-element elementor-element-71b227a elementor-widget__width-initial elementor-widget-mobile__width-inherit elementor-widget elementor-widget-newhome_core_custom_font\" data-id=\"71b227a\" data-element_type=\"widget\" data-widget_type=\"newhome_core_custom_font.default\">\n\t\t\t\t<div class=\"elementor-widget-container\">\n\t\t\t\t\t<p class=\"qodef-shortcode qodef-m  qodef-custom-font qodef-custom-font-901 qodef-layout--simple\" style=\"color: #FFFFFF;font-size: 65px;line-height: 73px;font-weight: 500\">Antalya'daki Evler ve Daireler<\/p>\n\t\t\t\t<\/div>\n\t\t\t\t<\/div>\n\t\t\t\t<div class=\"elementor-element elementor-element-b9ae253 elementor-hidden-mobile elementor-widget elementor-widget-text-editor\" data-id=\"b9ae253\" data-element_type=\"widget\" data-widget_type=\"text-editor.default\">\n\t\t\t\t<div class=\"elementor-widget-container\">\n\t\t\t\t\t\t\t\t\t<p>* Antalya&#8217;da m\u00fclk kiralay\u0131n veya sat\u0131n al\u0131n ve zaman\u0131n\u0131z\u0131 tasarruf edin<\/p>\t\t\t\t\t\t\t\t<\/div>\n\t\t\t\t<\/div>\n\t\t\t\t<div class=\"elementor-element elementor-element-eead052 elementor-widget__width-initial elementor-widget-mobile__width-inherit elementor-widget elementor-widget-newhome_core_custom_font\" data-id=\"eead052\" data-element_type=\"widget\" data-widget_type=\"newhome_core_custom_font.default\">\n\t\t\t\t<div class=\"elementor-widget-container\">\n\t\t\t\t\t<p class=\"qodef-shortcode qodef-m  qodef-custom-font qodef-custom-font-401 qodef-layout--simple\" style=\"color: #FDD900;font-size: 40px;line-height: 40px;font-weight: 700\"><a href=\"tel:+905055916196\">+90 505 591 6196<\/a><\/p>\n\t\t\t\t<\/div>\n\t\t\t\t<\/div>\n\t\t\t\t\t<\/div>\n\t\t<\/div>\n\t\t\t\t<div class=\"elementor-column elementor-col-50 elementor-top-column elementor-element elementor-element-4eacdbe elementor-hidden-mobile\" data-id=\"4eacdbe\" data-element_type=\"column\">\n\t\t\t<div class=\"elementor-widget-wrap elementor-element-populated\">\n\t\t\t\t\t\t<div class=\"elementor-element elementor-element-685bc17 elementor-invisible elementor-widget elementor-widget-image\" data-id=\"685bc17\" data-element_type=\"widget\" data-settings=\"{&quot;motion_fx_motion_fx_scrolling&quot;:&quot;yes&quot;,&quot;motion_fx_translateY_effect&quot;:&quot;yes&quot;,&quot;motion_fx_translateY_speed&quot;:{&quot;unit&quot;:&quot;px&quot;,&quot;size&quot;:6.6,&quot;sizes&quot;:[]},&quot;motion_fx_translateX_effect&quot;:&quot;yes&quot;,&quot;motion_fx_translateX_speed&quot;:{&quot;unit&quot;:&quot;px&quot;,&quot;size&quot;:2.5,&quot;sizes&quot;:[]},&quot;motion_fx_devices&quot;:[&quot;desktop&quot;,&quot;tablet&quot;],&quot;motion_fx_motion_fx_mouse&quot;:&quot;yes&quot;,&quot;motion_fx_tilt_effect&quot;:&quot;yes&quot;,&quot;_animation&quot;:&quot;fadeIn&quot;,&quot;motion_fx_translateY_affectedRange&quot;:{&quot;unit&quot;:&quot;%&quot;,&quot;size&quot;:&quot;&quot;,&quot;sizes&quot;:{&quot;start&quot;:0,&quot;end&quot;:100}},&quot;motion_fx_translateX_affectedRange&quot;:{&quot;unit&quot;:&quot;%&quot;,&quot;size&quot;:&quot;&quot;,&quot;sizes&quot;:{&quot;start&quot;:0,&quot;end&quot;:100}},&quot;motion_fx_tilt_speed&quot;:{&quot;unit&quot;:&quot;px&quot;,&quot;size&quot;:4,&quot;sizes&quot;:[]}}\" data-widget_type=\"image.default\">\n\t\t\t\t<div class=\"elementor-widget-container\">\n\t\t\t\t\t\t\t\t\t\t\t\t\t\t\t<img decoding=\"async\" width=\"300\" height=\"279\" src=\"https:\/\/turvilla.com\/wp-content\/uploads\/2023\/11\/PIC-skydiver_transparent-300x279.png\" class=\"attachment-medium size-medium wp-image-9042\" alt=\"\" srcset=\"https:\/\/turvilla.com\/wp-content\/uploads\/2023\/11\/PIC-skydiver_transparent-300x279.png 300w, https:\/\/turvilla.com\/wp-content\/uploads\/2023\/11\/PIC-skydiver_transparent.png 494w\" sizes=\"(max-width: 300px) 100vw, 300px\" \/>\t\t\t\t\t\t\t\t\t\t\t\t\t\t\t<\/div>\n\t\t\t\t<\/div>\n\t\t\t\t\t<\/div>\n\t\t<\/div>\n\t\t\t\t\t<\/div>\n\t\t<\/section>\n\t\t\t\t<section class=\"elementor-section elementor-top-section elementor-element elementor-element-91c77a8 qodef-elementor-content-grid elementor-section-boxed elementor-section-height-default elementor-section-height-default\" data-id=\"91c77a8\" data-element_type=\"section\" data-settings=\"{&quot;animation_mobile&quot;:&quot;fadeIn&quot;}\">\n\t\t\t\t\t\t<div class=\"elementor-container elementor-column-gap-default\">\n\t\t\t\t\t<div class=\"elementor-column elementor-col-50 elementor-top-column elementor-element elementor-element-0d2f213 elementor-invisible\" data-id=\"0d2f213\" data-element_type=\"column\" data-settings=\"{&quot;animation&quot;:&quot;zoomInLeft&quot;,&quot;animation_mobile&quot;:&quot;fadeIn&quot;,&quot;animation_delay&quot;:5}\">\n\t\t\t<div class=\"elementor-widget-wrap elementor-element-populated\">\n\t\t\t\t\t\t<div class=\"elementor-element elementor-element-4d4bbc0 elementor-widget elementor-widget-newhome_core_single_image\" data-id=\"4d4bbc0\" data-element_type=\"widget\" data-widget_type=\"newhome_core_single_image.default\">\n\t\t\t\t<div class=\"elementor-widget-container\">\n\t\t\t\t\t<div class=\"qodef-shortcode qodef-m  qodef-single-image qodef-layout--default   \" style=\"--qode-image-border-radius: 5px\" data-viewport-offset=\"0.7\">\n\t\t\t<div class=\"qodef-m-image\">\n\t\t\t\t\t\t\t\t<img loading=\"lazy\" decoding=\"async\" width=\"1400\" height=\"803\" src=\"https:\/\/turvilla.com\/wp-content\/uploads\/2023\/03\/about-us-img3.jpg\" class=\"attachment-full size-full\" alt=\"a\" srcset=\"https:\/\/turvilla.com\/wp-content\/uploads\/2023\/03\/about-us-img3.jpg 1400w, https:\/\/turvilla.com\/wp-content\/uploads\/2023\/03\/about-us-img3-600x344.jpg 600w, https:\/\/turvilla.com\/wp-content\/uploads\/2023\/03\/about-us-img3-300x172.jpg 300w, https:\/\/turvilla.com\/wp-content\/uploads\/2023\/03\/about-us-img3-1024x587.jpg 1024w, https:\/\/turvilla.com\/wp-content\/uploads\/2023\/03\/about-us-img3-768x441.jpg 768w\" sizes=\"(max-width: 1400px) 100vw, 1400px\" \/>\t\t\t\t\t\t\t<\/div>\n\t<\/div>\n\t\t\t\t<\/div>\n\t\t\t\t<\/div>\n\t\t\t\t\t<\/div>\n\t\t<\/div>\n\t\t\t\t<div class=\"elementor-column elementor-col-50 elementor-top-column elementor-element elementor-element-dc47a1e\" data-id=\"dc47a1e\" data-element_type=\"column\" data-settings=\"{&quot;animation_mobile&quot;:&quot;fadeIn&quot;}\">\n\t\t\t<div class=\"elementor-widget-wrap elementor-element-populated\">\n\t\t\t\t\t\t<div class=\"elementor-element elementor-element-265faec elementor-widget__width-initial elementor-widget-tablet__width-inherit animated-fast elementor-invisible elementor-widget elementor-widget-newhome_core_section_title\" data-id=\"265faec\" data-element_type=\"widget\" data-settings=\"{&quot;_animation&quot;:&quot;slideInUp&quot;,&quot;_animation_delay&quot;:3}\" data-widget_type=\"newhome_core_section_title.default\">\n\t\t\t\t<div class=\"elementor-widget-container\">\n\t\t\t\t\t<div class=\"qodef-shortcode qodef-m  qodef-section-title qodef-alignment--left   qodef--custom-title-font-weight\" style=\"--title-font-weight: 400;--decorated-font-weight: 600\">\n\t\t<h2 class=\"qodef-m-title\" >\n\t\t\t\t\t<span class=\"qodef-m-decorated\">Turvilla<\/span> <span class=\"qodef-m-decorated\">Tak\u0131m<\/span> Misyonu\t\t\t<\/h2>\n\t\t<p class=\"qodef-m-text-area\" style=\"margin-top: 22px\">\n\t\tTurvilla'da misyonumuz, sizi T\u00fcrkiye'nin b\u00fcy\u00fcleyici il\u00e7esi Antalya'da ideal m\u00fclk\u00fcn\u00fcz\u00fc ke\u015ffetmenize yard\u0131mc\u0131 olmakt\u0131r. Sat\u0131l\u0131k daireler ve villalar ile kiral\u0131k emlaklar konusunda uzmanla\u015fm\u0131\u015f bir T\u00fcrk emlak \u015firketiyiz ve gayrimenkul yolculu\u011funuza \u00e7\u0131karken size ola\u011fan\u00fcst\u00fc bir deneyim sunmaya kendimizi adam\u0131\u015f durumday\u0131z.\t<\/p>\n\t\t<div class=\"qodef-m-button\">\n\t\t<a class=\"qodef-shortcode qodef-m  qodef-button qodef-layout--filled  qodef-html--link\" href=\"https:\/\/turvilla.com\/faq\/\" target=\"_self\"  style=\"font-size: 18px;font-weight: 600;margin: 30px 0px 0px 0px\">\t<span class=\"qodef-m-text\">Ask a Question<\/span><\/a>\t<\/div>\n<\/div>\n\t\t\t\t<\/div>\n\t\t\t\t<\/div>\n\t\t\t\t\t<\/div>\n\t\t<\/div>\n\t\t\t\t\t<\/div>\n\t\t<\/section>\n\t\t\t\t<\/div>\n\t\t","protected":false},"excerpt":{"rendered":"<p>Hakk\u0131m\u0131zda Turvilla, CEO Group taraf\u0131ndan Turvilla by CEO Group, CEO Group \u015firketi taraf\u0131ndan sunulan Antalya&#8217;daki gayrimenkul d\u00fcnyas\u0131nda sizin g\u00fcvenilir rehberinizdir. Ki\u015fisel bir konut, ticari m\u00fclk veya yat\u0131r\u0131m f\u0131rsatlar\u0131 ar\u0131yor olun, do\u011fru se\u00e7imi yapman\u0131zda ve gayrimenkul hedeflerinizi ger\u00e7ekle\u015ftirmenizde size yard\u0131mc\u0131 olmaya haz\u0131r\u0131z. Antalya&#8217;n\u0131n b\u00fcy\u00fcleyici ilinde gayrimenkul sat\u0131\u015f\u0131 ve kiralamas\u0131 konusunda uzman\u0131z ve Turvilla, CEO Group&#8217;un projelerinden [&hellip;]<\/p>\n","protected":false},"author":3,"featured_media":9997,"parent":0,"menu_order":0,"comment_status":"closed","ping_status":"closed","template":"page-full-width.php","meta":{"footnotes":""},"class_list":["post-11009","page","type-page","status-publish","has-post-thumbnail","hentry"],"yoast_head":"<!-- This site is optimized with the Yoast SEO plugin v24.8.1 - https:\/\/yoast.com\/wordpress\/plugins\/seo\/ -->\n<title>Hakk\u0131m\u0131zda - Turvilla - Antalya&#039;da Emlak - Sat\u0131n Alma ve Kiralama<\/title>\n<meta name=\"description\" content=\"Biz, sat\u0131l\u0131k daireler ve villalar ile kiral\u0131k emlaklar konusunda uzmanla\u015fm\u0131\u015f bir T\u00fcrk emlak \u015firketiyiz ve sizlere gayrimenkul yolculu\u011funuza \u00e7\u0131karken ola\u011fan\u00fcst\u00fc bir deneyim sunmaya adanm\u0131\u015f durumday\u0131z.\" \/>\n<meta name=\"robots\" content=\"index, follow, max-snippet:-1, max-image-preview:large, max-video-preview:-1\" \/>\n<link rel=\"canonical\" href=\"https:\/\/turvilla.com\/tr\/about-us\/\" \/>\n<meta property=\"og:locale\" content=\"tr_TR\" \/>\n<meta property=\"og:type\" content=\"article\" \/>\n<meta property=\"og:title\" content=\"Hakk\u0131m\u0131zda - Turvilla - Antalya&#039;da Emlak - Sat\u0131n Alma ve Kiralama\" \/>\n<meta property=\"og:description\" content=\"Biz, sat\u0131l\u0131k daireler ve villalar ile kiral\u0131k emlaklar konusunda uzmanla\u015fm\u0131\u015f bir T\u00fcrk emlak \u015firketiyiz ve sizlere gayrimenkul yolculu\u011funuza \u00e7\u0131karken ola\u011fan\u00fcst\u00fc bir deneyim sunmaya adanm\u0131\u015f durumday\u0131z.\" \/>\n<meta property=\"og:url\" content=\"https:\/\/turvilla.com\/tr\/about-us\/\" \/>\n<meta property=\"og:site_name\" content=\"Turvilla - Antalya&#039;da Emlak - Sat\u0131n Alma ve Kiralama\" \/>\n<meta property=\"article:modified_time\" content=\"2023-11-17T06:25:10+00:00\" \/>\n<meta property=\"og:image\" content=\"https:\/\/turvilla.com\/wp-content\/uploads\/2023\/11\/logo_bg.jpg\" \/>\n<meta name=\"twitter:card\" content=\"summary_large_image\" \/>\n<meta name=\"twitter:label1\" content=\"Tahmini okuma s\u00fcresi\" \/>\n\t<meta name=\"twitter:data1\" content=\"2 dakika\" \/>\n<script type=\"application\/ld+json\" class=\"yoast-schema-graph\">{\"@context\":\"https:\/\/schema.org\",\"@graph\":[{\"@type\":\"WebPage\",\"@id\":\"https:\/\/turvilla.com\/tr\/about-us\/\",\"url\":\"https:\/\/turvilla.com\/tr\/about-us\/\",\"name\":\"Hakk\u0131m\u0131zda - Turvilla - Antalya'da Emlak - Sat\u0131n Alma ve Kiralama\",\"isPartOf\":{\"@id\":\"https:\/\/turvilla.com\/tr\/#website\"},\"primaryImageOfPage\":{\"@id\":\"https:\/\/turvilla.com\/tr\/about-us\/#primaryimage\"},\"image\":{\"@id\":\"https:\/\/turvilla.com\/tr\/about-us\/#primaryimage\"},\"thumbnailUrl\":\"https:\/\/turvilla.com\/wp-content\/uploads\/2023\/11\/logo_bg.jpg\",\"datePublished\":\"2023-03-13T13:48:33+00:00\",\"dateModified\":\"2023-11-17T06:25:10+00:00\",\"description\":\"Biz, sat\u0131l\u0131k daireler ve villalar ile kiral\u0131k emlaklar konusunda uzmanla\u015fm\u0131\u015f bir T\u00fcrk emlak \u015firketiyiz ve sizlere gayrimenkul yolculu\u011funuza \u00e7\u0131karken ola\u011fan\u00fcst\u00fc bir deneyim sunmaya adanm\u0131\u015f durumday\u0131z.\",\"breadcrumb\":{\"@id\":\"https:\/\/turvilla.com\/tr\/about-us\/#breadcrumb\"},\"inLanguage\":\"tr\",\"potentialAction\":[{\"@type\":\"ReadAction\",\"target\":[\"https:\/\/turvilla.com\/tr\/about-us\/\"]}]},{\"@type\":\"ImageObject\",\"inLanguage\":\"tr\",\"@id\":\"https:\/\/turvilla.com\/tr\/about-us\/#primaryimage\",\"url\":\"https:\/\/turvilla.com\/wp-content\/uploads\/2023\/11\/logo_bg.jpg\",\"contentUrl\":\"https:\/\/turvilla.com\/wp-content\/uploads\/2023\/11\/logo_bg.jpg\",\"width\":1011,\"height\":595},{\"@type\":\"BreadcrumbList\",\"@id\":\"https:\/\/turvilla.com\/tr\/about-us\/#breadcrumb\",\"itemListElement\":[{\"@type\":\"ListItem\",\"position\":1,\"name\":\"Home\",\"item\":\"https:\/\/turvilla.com\/tr\/\"},{\"@type\":\"ListItem\",\"position\":2,\"name\":\"Hakk\u0131m\u0131zda\"}]},{\"@type\":\"WebSite\",\"@id\":\"https:\/\/turvilla.com\/tr\/#website\",\"url\":\"https:\/\/turvilla.com\/tr\/\",\"name\":\"Turvilla\",\"description\":\"\",\"potentialAction\":[{\"@type\":\"SearchAction\",\"target\":{\"@type\":\"EntryPoint\",\"urlTemplate\":\"https:\/\/turvilla.com\/tr\/?s={search_term_string}\"},\"query-input\":{\"@type\":\"PropertyValueSpecification\",\"valueRequired\":true,\"valueName\":\"search_term_string\"}}],\"inLanguage\":\"tr\"}]}<\/script>\n<!-- \/ Yoast SEO plugin. -->","yoast_head_json":{"title":"Hakk\u0131m\u0131zda - Turvilla - Antalya'da Emlak - Sat\u0131n Alma ve Kiralama","description":"Biz, sat\u0131l\u0131k daireler ve villalar ile kiral\u0131k emlaklar konusunda uzmanla\u015fm\u0131\u015f bir T\u00fcrk emlak \u015firketiyiz ve sizlere gayrimenkul yolculu\u011funuza \u00e7\u0131karken ola\u011fan\u00fcst\u00fc bir deneyim sunmaya adanm\u0131\u015f durumday\u0131z.","robots":{"index":"index","follow":"follow","max-snippet":"max-snippet:-1","max-image-preview":"max-image-preview:large","max-video-preview":"max-video-preview:-1"},"canonical":"https:\/\/turvilla.com\/tr\/about-us\/","og_locale":"tr_TR","og_type":"article","og_title":"Hakk\u0131m\u0131zda - Turvilla - Antalya'da Emlak - Sat\u0131n Alma ve Kiralama","og_description":"Biz, sat\u0131l\u0131k daireler ve villalar ile kiral\u0131k emlaklar konusunda uzmanla\u015fm\u0131\u015f bir T\u00fcrk emlak \u015firketiyiz ve sizlere gayrimenkul yolculu\u011funuza \u00e7\u0131karken ola\u011fan\u00fcst\u00fc bir deneyim sunmaya adanm\u0131\u015f durumday\u0131z.","og_url":"https:\/\/turvilla.com\/tr\/about-us\/","og_site_name":"Turvilla - Antalya'da Emlak - Sat\u0131n Alma ve Kiralama","article_modified_time":"2023-11-17T06:25:10+00:00","og_image":[{"url":"https:\/\/turvilla.com\/wp-content\/uploads\/2023\/11\/logo_bg.jpg","type":"","width":"","height":""}],"twitter_card":"summary_large_image","twitter_misc":{"Tahmini okuma s\u00fcresi":"2 dakika"},"schema":{"@context":"https:\/\/schema.org","@graph":[{"@type":"WebPage","@id":"https:\/\/turvilla.com\/tr\/about-us\/","url":"https:\/\/turvilla.com\/tr\/about-us\/","name":"Hakk\u0131m\u0131zda - Turvilla - Antalya'da Emlak - Sat\u0131n Alma ve Kiralama","isPartOf":{"@id":"https:\/\/turvilla.com\/tr\/#website"},"primaryImageOfPage":{"@id":"https:\/\/turvilla.com\/tr\/about-us\/#primaryimage"},"image":{"@id":"https:\/\/turvilla.com\/tr\/about-us\/#primaryimage"},"thumbnailUrl":"https:\/\/turvilla.com\/wp-content\/uploads\/2023\/11\/logo_bg.jpg","datePublished":"2023-03-13T13:48:33+00:00","dateModified":"2023-11-17T06:25:10+00:00","description":"Biz, sat\u0131l\u0131k daireler ve villalar ile kiral\u0131k emlaklar konusunda uzmanla\u015fm\u0131\u015f bir T\u00fcrk emlak \u015firketiyiz ve sizlere gayrimenkul yolculu\u011funuza \u00e7\u0131karken ola\u011fan\u00fcst\u00fc bir deneyim sunmaya adanm\u0131\u015f durumday\u0131z.","breadcrumb":{"@id":"https:\/\/turvilla.com\/tr\/about-us\/#breadcrumb"},"inLanguage":"tr","potentialAction":[{"@type":"ReadAction","target":["https:\/\/turvilla.com\/tr\/about-us\/"]}]},{"@type":"ImageObject","inLanguage":"tr","@id":"https:\/\/turvilla.com\/tr\/about-us\/#primaryimage","url":"https:\/\/turvilla.com\/wp-content\/uploads\/2023\/11\/logo_bg.jpg","contentUrl":"https:\/\/turvilla.com\/wp-content\/uploads\/2023\/11\/logo_bg.jpg","width":1011,"height":595},{"@type":"BreadcrumbList","@id":"https:\/\/turvilla.com\/tr\/about-us\/#breadcrumb","itemListElement":[{"@type":"ListItem","position":1,"name":"Home","item":"https:\/\/turvilla.com\/tr\/"},{"@type":"ListItem","position":2,"name":"Hakk\u0131m\u0131zda"}]},{"@type":"WebSite","@id":"https:\/\/turvilla.com\/tr\/#website","url":"https:\/\/turvilla.com\/tr\/","name":"Turvilla","description":"","potentialAction":[{"@type":"SearchAction","target":{"@type":"EntryPoint","urlTemplate":"https:\/\/turvilla.com\/tr\/?s={search_term_string}"},"query-input":{"@type":"PropertyValueSpecification","valueRequired":true,"valueName":"search_term_string"}}],"inLanguage":"tr"}]}},"_hostinger_reach_plugin_has_subscription_block":false,"_hostinger_reach_plugin_is_elementor":false,"_links":{"self":[{"href":"https:\/\/turvilla.com\/tr\/wp-json\/wp\/v2\/pages\/11009","targetHints":{"allow":["GET"]}}],"collection":[{"href":"https:\/\/turvilla.com\/tr\/wp-json\/wp\/v2\/pages"}],"about":[{"href":"https:\/\/turvilla.com\/tr\/wp-json\/wp\/v2\/types\/page"}],"author":[{"embeddable":true,"href":"https:\/\/turvilla.com\/tr\/wp-json\/wp\/v2\/users\/3"}],"replies":[{"embeddable":true,"href":"https:\/\/turvilla.com\/tr\/wp-json\/wp\/v2\/comments?post=11009"}],"version-history":[{"count":0,"href":"https:\/\/turvilla.com\/tr\/wp-json\/wp\/v2\/pages\/11009\/revisions"}],"wp:featuredmedia":[{"embeddable":true,"href":"https:\/\/turvilla.com\/tr\/wp-json\/wp\/v2\/media\/9997"}],"wp:attachment":[{"href":"https:\/\/turvilla.com\/tr\/wp-json\/wp\/v2\/media?parent=11009"}],"curies":[{"name":"wp","href":"https:\/\/api.w.org\/{rel}","templated":true}]}}